{"id":233,"date":"2022-02-16T16:34:15","date_gmt":"2022-02-16T16:34:15","guid":{"rendered":"https:\/\/tiendaao.com\/colchones\/?page_id=233"},"modified":"2025-05-30T10:13:28","modified_gmt":"2025-05-30T15:13:28","slug":"contactenos","status":"publish","type":"page","link":"https:\/\/aousa.llc\/?page_id=233","title":{"rendered":"Cont\u00e1ctenos"},"content":{"rendered":"<p>Tienes alguna duda, escr\u00edbenos y te contactaremos.<br \/>\n<div id=\"quform-e423db\" class=\"quform quform-1 quform-support-page-caching\"><form id=\"quform-form-e423db\" class=\"quform-form quform-form-1\" action=\"\/index.php?rest_route=%2Fwp%2Fv2%2Fpages%2F233#quform-e423db\" method=\"post\" enctype=\"multipart\/form-data\" novalidate=\"novalidate\" data-options=\"{&quot;id&quot;:1,&quot;uniqueId&quot;:&quot;e423db&quot;,&quot;theme&quot;:&quot;&quot;,&quot;ajax&quot;:true,&quot;logic&quot;:{&quot;logic&quot;:[],&quot;dependents&quot;:[],&quot;elementIds&quot;:[],&quot;dependentElementIds&quot;:[],&quot;animate&quot;:true},&quot;currentPageId&quot;:1,&quot;errorsIcon&quot;:&quot;&quot;,&quot;updateFancybox&quot;:true,&quot;hasPages&quot;:false,&quot;pages&quot;:[1],&quot;pageProgressType&quot;:&quot;numbers&quot;,&quot;tooltipsEnabled&quot;:true,&quot;tooltipClasses&quot;:&quot;qtip-quform-dark qtip-shadow&quot;,&quot;tooltipMy&quot;:&quot;left center&quot;,&quot;tooltipAt&quot;:&quot;right center&quot;,&quot;isRtl&quot;:false,&quot;scrollOffset&quot;:-50,&quot;scrollSpeed&quot;:800}\"><button class=\"quform-default-submit\" name=\"quform_submit\" type=\"submit\" value=\"submit\" aria-hidden=\"true\" tabindex=\"-1\"><\/button><div class=\"quform-form-inner quform-form-inner-1\"><input type=\"hidden\" name=\"quform_form_id\" value=\"1\" \/><input type=\"hidden\" name=\"quform_form_uid\" value=\"e423db\" \/><input type=\"hidden\" name=\"quform_count\" value=\"1\" \/><input type=\"hidden\" name=\"form_url\" value=\"https:\/\/aousa.llc\/index.php?rest_route=%2Fwp%2Fv2%2Fpages%2F233\" \/><input type=\"hidden\" name=\"referring_url\" value=\"\" \/><input type=\"hidden\" name=\"post_id\" value=\"\" \/><input type=\"hidden\" name=\"post_title\" value=\"\" \/><input type=\"hidden\" name=\"quform_current_page_id\" value=\"1\" \/><input type=\"hidden\" name=\"quform_csrf_token\" value=\"ipYsJP4WzQXF8L4mfJJoKeNs4UDfPFmG8ROFTz6b\" \/><div class=\"quform-elements quform-elements-1 quform-cf quform-responsive-elements-phone-landscape\"><div class=\"quform-element quform-element-page quform-page-1 quform-page-1_1 quform-cf quform-group-style-plain quform-first-page quform-last-page quform-current-page\"><div class=\"quform-child-elements\"><div class=\"quform-element quform-element-row quform-element-row-1_4 quform-2-columns quform-element-row-size-fixed quform-responsive-columns-phone-landscape\"><div class=\"quform-element quform-element-column quform-element-1_5\"><div class=\"quform-element quform-element-text quform-element-1_3 quform-cf quform-element-required\"><div class=\"quform-spacer\"><div class=\"quform-label quform-label-1_3\"><label class=\"quform-label-text\" for=\"quform_1_3_e423db\">Nombre y Apellido<span class=\"quform-required\">*<\/span><\/label><\/div><div class=\"quform-inner quform-inner-text quform-inner-1_3\"><div class=\"quform-input quform-input-text quform-input-1_3 quform-cf\"><input type=\"text\" id=\"quform_1_3_e423db\" name=\"quform_1_3\" class=\"quform-field quform-field-text quform-field-1_3\" \/><\/div><\/div><\/div><\/div><div class=\"quform-element quform-element-select quform-element-1_7 quform-cf quform-element-required\"><div class=\"quform-spacer\"><div class=\"quform-label quform-label-1_7\"><label class=\"quform-label-text\" for=\"quform_1_7_e423db\">Servicios<span class=\"quform-required\">*<\/span><\/label><\/div><div class=\"quform-inner quform-inner-select quform-inner-1_7\"><div class=\"quform-input quform-input-select quform-input-1_7 quform-cf\"><select id=\"quform_1_7_e423db\" name=\"quform_1_7\" class=\"quform-field quform-field-select quform-field-1_7\"><option value=\"\" selected=\"selected\">Por favor seleccionar<\/option><option value=\"Casas\">Casas<\/option><option value=\"Transporte de Carga\">Transporte de Carga<\/option><\/select><\/div><\/div><\/div><\/div><\/div><div class=\"quform-element quform-element-column quform-element-1_6\"><div class=\"quform-element quform-element-text quform-element-1_11 quform-cf quform-element-required\"><div class=\"quform-spacer\"><div class=\"quform-label quform-label-1_11\"><label class=\"quform-label-text\" for=\"quform_1_11_e423db\">N\u00famero de celular<span class=\"quform-required\">*<\/span><\/label><\/div><div class=\"quform-inner quform-inner-text quform-inner-1_11\"><div class=\"quform-input quform-input-text quform-input-1_11 quform-cf\"><input type=\"text\" id=\"quform_1_11_e423db\" name=\"quform_1_11\" class=\"quform-field quform-field-text quform-field-1_11\" \/><\/div><\/div><\/div><\/div><\/div><\/div><div class=\"quform-element quform-element-row quform-element-row-1_13 quform-2-columns quform-element-row-size-fixed quform-responsive-columns-phone-landscape\"><div class=\"quform-element quform-element-column quform-element-1_14\"><div class=\"quform-element quform-element-text quform-element-1_12 quform-cf quform-element-optional\"><div class=\"quform-spacer\"><div class=\"quform-label quform-label-1_12\"><label class=\"quform-label-text\" for=\"quform_1_12_e423db\">Estado <\/label><\/div><div class=\"quform-inner quform-inner-text quform-inner-1_12\"><div class=\"quform-input quform-input-text quform-input-1_12 quform-cf\"><input type=\"text\" id=\"quform_1_12_e423db\" name=\"quform_1_12\" class=\"quform-field quform-field-text quform-field-1_12\" \/><\/div><\/div><\/div><\/div><div class=\"quform-element quform-element-textarea quform-element-1_18 quform-cf quform-element-optional\"><div class=\"quform-spacer\"><div class=\"quform-label quform-label-1_18\"><label class=\"quform-label-text\" for=\"quform_1_18_e423db\">Mensaje<\/label><\/div><div class=\"quform-inner quform-inner-textarea quform-inner-1_18 quform-field-size-slim\"><div class=\"quform-input quform-input-textarea quform-input-1_18 quform-cf\"><textarea id=\"quform_1_18_e423db\" name=\"quform_1_18\" class=\"quform-field quform-field-textarea quform-field-1_18\"><\/textarea><\/div><\/div><\/div><\/div><\/div><div class=\"quform-element quform-element-column quform-element-1_15\"><div class=\"quform-element quform-element-email quform-element-1_17 quform-cf quform-element-required\"><div class=\"quform-spacer\"><div class=\"quform-label quform-label-1_17\"><label class=\"quform-label-text\" for=\"quform_1_17_e423db\">Mail<span class=\"quform-required\">*<\/span><\/label><\/div><div class=\"quform-inner quform-inner-email quform-inner-1_17\"><div class=\"quform-input quform-input-email quform-input-1_17 quform-cf\"><input type=\"email\" id=\"quform_1_17_e423db\" name=\"quform_1_17\" class=\"quform-field quform-field-email quform-field-1_17\" \/><\/div><\/div><\/div><\/div><div class=\"quform-element quform-element-captcha quform-element-1_20 quform-cf quform-element-required\"><div class=\"quform-spacer\"><div class=\"quform-label quform-label-1_20\"><label class=\"quform-label-text\" for=\"quform_1_20_e423db\">Por favor escribe los caracteres<span class=\"quform-required\">*<\/span><\/label><\/div><div class=\"quform-inner quform-inner-captcha quform-inner-1_20\"><div class=\"quform-input quform-input-captcha quform-input-1_20 quform-cf\"><input type=\"text\" id=\"quform_1_20_e423db\" name=\"quform_1_20\" class=\"quform-field quform-field-captcha quform-field-1_20\" \/><\/div><div class=\"quform-captcha quform-cf\"><div class=\"quform-captcha-image quform-captcha-image-1_20\"><img loading=\"lazy\" decoding=\"async\" src=\"data:image\/png;base64,iVBORw0KGgoAAAANSUhEUgAAAOYAAABQBAMAAAD\/1xTgAAAAG1BMVEX\/\/\/8iIiLj4+OsrKx0dHRZWVmQkJDHx8c9PT3NekROAAAACXBIWXMAAA7EAAAOxAGVKw4bAAADLElEQVRoge1WTW\/aQBBdbIJz7BAoPjpEQI61GpoecZOmPdZRS3OEQtQrNFHTI0aJ2p\/dmVkbdm3AJmmQKu07IO8yu2\/2zceuEAYGBgYGBgYGBgYGzwznQ3Fb67EkTW10G0Hhle3o02MIrZMQvOXQ+Qigjgl3qbGEJ6wuwMH2jPZ7pIDBciIAcL\/pNmWc+jw6TRG34CHCpS+3JHTeTIagclrXl1F2m0OQeDg\/TaZu\/8Qrt+T8iSpWA1p3Hx+hHcLB27PMNlNYQEaP9J\/xSnB7WzA6JAw0fPqJpyr4PRdiE2cVozEe09Kqz6f0tjllifeY2d+HsfPCAZkRmbTwYd68GV8R0ysOOOFFxT3HX93y5Gs+55mgPQbLY+KRrQznUFr4UhFJ6U7wxInWMewA6hs5K3Alcyci5xmjI4AJcjZSpgFbkEsTtk80xXzuKWbdAhllRRQeoVZjgPF0Mpwhc6Gmv\/m47heAGn3twcJdOSoQXp+kcMBV17mew56oiMirFuopd\/QsGVgKzyTxv1unYM3yKEmbAUqmxiCEub2Ck0WhnE6c5W+s23gCiwyO+oeQ3whZ3LIWg2Oo2+lkFEGd6yU+pmAZayLWiRBHslSAkxfta2mKbvQznO13SekmVknVcFj5z5pH5+7lc6K\/g5Iu5RTcVVGhRtf3FGfJgzB2lzhJhGkRThJ3qlPYqzOBa7KmOlujyTjDRx1eNFXvirVAcf1UEHxYFZWQSRfqsriW0oY4tL5aOmuB\/kYp5yqwaqVzdzNWs4jEVdsQt4dinORv2vA60zM7sgpbSttBZ+sVtQ2FmLjDRbluhJ99FGTQ4ubK+y7SjZztqu7u42CYu1Xir5tnEyVZ5SulzDeZci5Mx0ZQjJNMc0xseW0Kqj8tcwHUtxoWWVjw7da+yPOtvKieqcLJmaB2TSflw5NAtSg1HKpt0tcKlv\/ND1NRlJOS0OOwB6l3ZhlybuwtgKLVvZhltpy2IN08wtzUKI5Q3sV2pL2DxS+41+0qSkN+Ko4pWy7osadr11xj\/y9ghclL8\/IZWVKwI0jdK7sg1V77u0Ln9ejHbhkNDAwMDAwMDAz+P\/wF6NN64w1Qv8YAAAAASUVORK5CYII=\" alt=\"CAPTCHA image\" data-element-id=\"20\" width=\"115\" height=\"40\" \/><\/div><\/div><p class=\"quform-description quform-description-below\">Esto nos ayuda a prevenir el spam, gracias.<\/p><\/div><\/div><\/div><\/div><\/div><div class=\"quform-element quform-element-html quform-element-1_21 quform-cf\"><div class=\"quform-spacer\">Al enviar este formulario, usted acepta las pol\u00edticas de procesamiento de datos y los t\u00e9rminos y condiciones estipulados aqu\u00ed en http:\/\/aousa.llc\/<\/div><\/div><div class=\"quform-element quform-element-submit quform-element-1_2 quform-cf quform-button-style-theme\"><div class=\"quform-button-submit quform-button-submit-default quform-button-submit-1_2\"><button name=\"quform_submit\" type=\"submit\" class=\"quform-submit\" value=\"submit\"><span class=\"quform-button-text quform-button-submit-text\">Enviar<\/span><\/button><\/div><div class=\"quform-loading quform-loading-position-left quform-loading-type-spinner-1\"><div class=\"quform-loading-inner\"><div class=\"quform-loading-spinner\"><div class=\"quform-loading-spinner-inner\"><\/div><\/div><\/div><\/div><\/div><div class=\"quform-element-tree\"><label for=\"quform_1_0_e423db\">This field should be left blank<\/label><input type=\"text\" id=\"quform_1_0_e423db\" name=\"quform_1_0\" class=\"quform-field quform-field-tree quform-field-1_0\" tabindex=\"-1\" autocomplete=\"off\" \/><\/div><\/div><\/div><\/div><\/div><\/form><\/div><\/p>\n","protected":false},"excerpt":{"rendered":"<p>Tienes alguna duda, escr\u00edbenos y te contactaremos.<\/p>\n","protected":false},"author":1,"featured_media":0,"parent":0,"menu_order":0,"comment_status":"closed","ping_status":"closed","template":"","meta":{"footnotes":""},"class_list":["post-233","page","type-page","status-publish","hentry"],"yoast_head":"<!-- This site is optimized with the Yoast SEO plugin v19.13 - https:\/\/yoast.com\/wordpress\/plugins\/seo\/ -->\n<title>Cont\u00e1ctenos - AO-US<\/title>\n<meta name=\"robots\" content=\"index, follow, max-snippet:-1, max-image-preview:large, max-video-preview:-1\" \/>\n<link rel=\"canonical\" href=\"https:\/\/aousa.llc\/?page_id=233\" \/>\n<meta property=\"og:locale\" content=\"es_ES\" \/>\n<meta property=\"og:type\" content=\"article\" \/>\n<meta property=\"og:title\" content=\"Cont\u00e1ctenos - AO-US\" \/>\n<meta property=\"og:description\" content=\"Tienes alguna duda, escr\u00edbenos y te contactaremos.\" \/>\n<meta property=\"og:url\" content=\"https:\/\/aousa.llc\/?page_id=233\" \/>\n<meta property=\"og:site_name\" content=\"AO-US\" \/>\n<meta property=\"article:modified_time\" content=\"2025-05-30T15:13:28+00:00\" \/>\n<meta name=\"twitter:card\" content=\"summary_large_image\" \/>\n<meta name=\"twitter:label1\" content=\"Tiempo estimado de lectura\" \/>\n\t<meta name=\"twitter:data1\" content=\"1 minuto\" \/>\n<script type=\"application\/ld+json\" class=\"yoast-schema-graph\">{\"@context\":\"https:\/\/schema.org\",\"@graph\":[{\"@type\":\"WebPage\",\"@id\":\"https:\/\/aousa.llc\/?page_id=233\",\"url\":\"https:\/\/aousa.llc\/?page_id=233\",\"name\":\"Cont\u00e1ctenos - AO-US\",\"isPartOf\":{\"@id\":\"https:\/\/aousa.llc\/#website\"},\"datePublished\":\"2022-02-16T16:34:15+00:00\",\"dateModified\":\"2025-05-30T15:13:28+00:00\",\"breadcrumb\":{\"@id\":\"https:\/\/aousa.llc\/?page_id=233#breadcrumb\"},\"inLanguage\":\"es-CO\",\"potentialAction\":[{\"@type\":\"ReadAction\",\"target\":[\"https:\/\/aousa.llc\/?page_id=233\"]}]},{\"@type\":\"BreadcrumbList\",\"@id\":\"https:\/\/aousa.llc\/?page_id=233#breadcrumb\",\"itemListElement\":[{\"@type\":\"ListItem\",\"position\":1,\"name\":\"Inicio\",\"item\":\"https:\/\/aousa.llc\/\"},{\"@type\":\"ListItem\",\"position\":2,\"name\":\"Cont\u00e1ctenos\"}]},{\"@type\":\"WebSite\",\"@id\":\"https:\/\/aousa.llc\/#website\",\"url\":\"https:\/\/aousa.llc\/\",\"name\":\"AO-US\",\"description\":\"\",\"potentialAction\":[{\"@type\":\"SearchAction\",\"target\":{\"@type\":\"EntryPoint\",\"urlTemplate\":\"https:\/\/aousa.llc\/?s={search_term_string}\"},\"query-input\":\"required name=search_term_string\"}],\"inLanguage\":\"es-CO\"}]}<\/script>\n<!-- \/ Yoast SEO plugin. -->","yoast_head_json":{"title":"Cont\u00e1ctenos - AO-US","robots":{"index":"index","follow":"follow","max-snippet":"max-snippet:-1","max-image-preview":"max-image-preview:large","max-video-preview":"max-video-preview:-1"},"canonical":"https:\/\/aousa.llc\/?page_id=233","og_locale":"es_ES","og_type":"article","og_title":"Cont\u00e1ctenos - AO-US","og_description":"Tienes alguna duda, escr\u00edbenos y te contactaremos.","og_url":"https:\/\/aousa.llc\/?page_id=233","og_site_name":"AO-US","article_modified_time":"2025-05-30T15:13:28+00:00","twitter_card":"summary_large_image","twitter_misc":{"Tiempo estimado de lectura":"1 minuto"},"schema":{"@context":"https:\/\/schema.org","@graph":[{"@type":"WebPage","@id":"https:\/\/aousa.llc\/?page_id=233","url":"https:\/\/aousa.llc\/?page_id=233","name":"Cont\u00e1ctenos - AO-US","isPartOf":{"@id":"https:\/\/aousa.llc\/#website"},"datePublished":"2022-02-16T16:34:15+00:00","dateModified":"2025-05-30T15:13:28+00:00","breadcrumb":{"@id":"https:\/\/aousa.llc\/?page_id=233#breadcrumb"},"inLanguage":"es-CO","potentialAction":[{"@type":"ReadAction","target":["https:\/\/aousa.llc\/?page_id=233"]}]},{"@type":"BreadcrumbList","@id":"https:\/\/aousa.llc\/?page_id=233#breadcrumb","itemListElement":[{"@type":"ListItem","position":1,"name":"Inicio","item":"https:\/\/aousa.llc\/"},{"@type":"ListItem","position":2,"name":"Cont\u00e1ctenos"}]},{"@type":"WebSite","@id":"https:\/\/aousa.llc\/#website","url":"https:\/\/aousa.llc\/","name":"AO-US","description":"","potentialAction":[{"@type":"SearchAction","target":{"@type":"EntryPoint","urlTemplate":"https:\/\/aousa.llc\/?s={search_term_string}"},"query-input":"required name=search_term_string"}],"inLanguage":"es-CO"}]}},"_links":{"self":[{"href":"https:\/\/aousa.llc\/index.php?rest_route=\/wp\/v2\/pages\/233","targetHints":{"allow":["GET"]}}],"collection":[{"href":"https:\/\/aousa.llc\/index.php?rest_route=\/wp\/v2\/pages"}],"about":[{"href":"https:\/\/aousa.llc\/index.php?rest_route=\/wp\/v2\/types\/page"}],"author":[{"embeddable":true,"href":"https:\/\/aousa.llc\/index.php?rest_route=\/wp\/v2\/users\/1"}],"replies":[{"embeddable":true,"href":"https:\/\/aousa.llc\/index.php?rest_route=%2Fwp%2Fv2%2Fcomments&post=233"}],"version-history":[{"count":1,"href":"https:\/\/aousa.llc\/index.php?rest_route=\/wp\/v2\/pages\/233\/revisions"}],"predecessor-version":[{"id":875,"href":"https:\/\/aousa.llc\/index.php?rest_route=\/wp\/v2\/pages\/233\/revisions\/875"}],"wp:attachment":[{"href":"https:\/\/aousa.llc\/index.php?rest_route=%2Fwp%2Fv2%2Fmedia&parent=233"}],"curies":[{"name":"wp","href":"https:\/\/api.w.org\/{rel}","templated":true}]}}