{"id":244,"date":"2021-12-29T13:34:15","date_gmt":"2021-12-29T13:34:15","guid":{"rendered":"https:\/\/tiendaao.com\/colchones\/?page_id=9"},"modified":"2025-05-30T14:17:57","modified_gmt":"2025-05-30T19:17:57","slug":"nosotros","status":"publish","type":"page","link":"https:\/\/aousa.llc\/?page_id=244","title":{"rendered":"Nosotros"},"content":{"rendered":"<p data-start=\"294\" data-end=\"396\">En <strong data-start=\"297\" data-end=\"319\">AO USA<\/strong>, no solo vendemos casas: <strong data-start=\"345\" data-end=\"395\">construimos sue\u00f1os y hogares para toda la vida<\/strong>.<\/p>\n<p data-start=\"398\" data-end=\"633\">Nos especializamos en la <strong data-start=\"485\" data-end=\"519\">venta de casas de alta calidad<\/strong>, con dise\u00f1os funcionales, espacios bien pensados y ubicaciones estrat\u00e9gicas que se adaptan a cada estilo de vida.<\/p>\n<p data-start=\"635\" data-end=\"667\">Nuestro compromiso es ofrecerte:<\/p>\n<ul data-start=\"668\" data-end=\"892\">\n<li data-start=\"668\" data-end=\"724\">\n<p data-start=\"670\" data-end=\"724\"><strong data-start=\"673\" data-end=\"699\">Propiedades confiables<\/strong> a precios competitivos<\/p>\n<\/li>\n<li data-start=\"725\" data-end=\"787\">\n<p data-start=\"727\" data-end=\"787\">Asesor\u00eda personalizada durante todo el proceso de compra<\/p>\n<\/li>\n<li data-start=\"788\" data-end=\"834\">\n<p data-start=\"790\" data-end=\"834\">Proyectos en zonas de alta valorizaci\u00f3n<\/p>\n<\/li>\n<\/ul>\n<p>Tenemos alianzas con algunas empresas para proveer servicios adicionales a nuestros clientes como por ejemplo transporte de carga.<\/p>\n","protected":false},"excerpt":{"rendered":"<p>En AO USA, no solo vendemos casas: construimos sue\u00f1os y hogares para toda la vida. Nos especializamos en la venta de casas de alta calidad, con dise\u00f1os funcionales, espacios bien pensados y ubicaciones estrat\u00e9gicas que se adaptan a cada estilo de vida. Nuestro compromiso es ofrecerte: Propiedades confiables a precios competitivos Asesor\u00eda personalizada durante todo [&hellip;]<\/p>\n","protected":false},"author":1,"featured_media":0,"parent":0,"menu_order":0,"comment_status":"closed","ping_status":"closed","template":"","meta":{"footnotes":""},"class_list":["post-244","page","type-page","status-publish","hentry"],"yoast_head":"<!-- This site is optimized with the Yoast SEO plugin v19.13 - https:\/\/yoast.com\/wordpress\/plugins\/seo\/ -->\n<title>Nosotros - AO-US<\/title>\n<meta name=\"robots\" content=\"index, follow, max-snippet:-1, max-image-preview:large, max-video-preview:-1\" \/>\n<link rel=\"canonical\" href=\"https:\/\/aousa.llc\/?page_id=244\" \/>\n<meta property=\"og:locale\" content=\"es_ES\" \/>\n<meta property=\"og:type\" content=\"article\" \/>\n<meta property=\"og:title\" content=\"Nosotros - AO-US\" \/>\n<meta property=\"og:description\" content=\"En AO USA, no solo vendemos casas: construimos sue\u00f1os y hogares para toda la vida. Nos especializamos en la venta de casas de alta calidad, con dise\u00f1os funcionales, espacios bien pensados y ubicaciones estrat\u00e9gicas que se adaptan a cada estilo de vida. Nuestro compromiso es ofrecerte: Propiedades confiables a precios competitivos Asesor\u00eda personalizada durante todo [&hellip;]\" \/>\n<meta property=\"og:url\" content=\"https:\/\/aousa.llc\/?page_id=244\" \/>\n<meta property=\"og:site_name\" content=\"AO-US\" \/>\n<meta property=\"article:modified_time\" content=\"2025-05-30T19:17:57+00:00\" \/>\n<meta name=\"twitter:card\" content=\"summary_large_image\" \/>\n<meta name=\"twitter:label1\" content=\"Tiempo estimado de lectura\" \/>\n\t<meta name=\"twitter:data1\" content=\"1 minuto\" \/>\n<script type=\"application\/ld+json\" class=\"yoast-schema-graph\">{\"@context\":\"https:\/\/schema.org\",\"@graph\":[{\"@type\":\"WebPage\",\"@id\":\"https:\/\/aousa.llc\/?page_id=244\",\"url\":\"https:\/\/aousa.llc\/?page_id=244\",\"name\":\"Nosotros - AO-US\",\"isPartOf\":{\"@id\":\"https:\/\/aousa.llc\/#website\"},\"datePublished\":\"2021-12-29T13:34:15+00:00\",\"dateModified\":\"2025-05-30T19:17:57+00:00\",\"breadcrumb\":{\"@id\":\"https:\/\/aousa.llc\/?page_id=244#breadcrumb\"},\"inLanguage\":\"es-CO\",\"potentialAction\":[{\"@type\":\"ReadAction\",\"target\":[\"https:\/\/aousa.llc\/?page_id=244\"]}]},{\"@type\":\"BreadcrumbList\",\"@id\":\"https:\/\/aousa.llc\/?page_id=244#breadcrumb\",\"itemListElement\":[{\"@type\":\"ListItem\",\"position\":1,\"name\":\"Inicio\",\"item\":\"https:\/\/aousa.llc\/\"},{\"@type\":\"ListItem\",\"position\":2,\"name\":\"Nosotros\"}]},{\"@type\":\"WebSite\",\"@id\":\"https:\/\/aousa.llc\/#website\",\"url\":\"https:\/\/aousa.llc\/\",\"name\":\"AO-US\",\"description\":\"\",\"potentialAction\":[{\"@type\":\"SearchAction\",\"target\":{\"@type\":\"EntryPoint\",\"urlTemplate\":\"https:\/\/aousa.llc\/?s={search_term_string}\"},\"query-input\":\"required name=search_term_string\"}],\"inLanguage\":\"es-CO\"}]}<\/script>\n<!-- \/ Yoast SEO plugin. -->","yoast_head_json":{"title":"Nosotros - AO-US","robots":{"index":"index","follow":"follow","max-snippet":"max-snippet:-1","max-image-preview":"max-image-preview:large","max-video-preview":"max-video-preview:-1"},"canonical":"https:\/\/aousa.llc\/?page_id=244","og_locale":"es_ES","og_type":"article","og_title":"Nosotros - AO-US","og_description":"En AO USA, no solo vendemos casas: construimos sue\u00f1os y hogares para toda la vida. Nos especializamos en la venta de casas de alta calidad, con dise\u00f1os funcionales, espacios bien pensados y ubicaciones estrat\u00e9gicas que se adaptan a cada estilo de vida. Nuestro compromiso es ofrecerte: Propiedades confiables a precios competitivos Asesor\u00eda personalizada durante todo [&hellip;]","og_url":"https:\/\/aousa.llc\/?page_id=244","og_site_name":"AO-US","article_modified_time":"2025-05-30T19:17:57+00:00","twitter_card":"summary_large_image","twitter_misc":{"Tiempo estimado de lectura":"1 minuto"},"schema":{"@context":"https:\/\/schema.org","@graph":[{"@type":"WebPage","@id":"https:\/\/aousa.llc\/?page_id=244","url":"https:\/\/aousa.llc\/?page_id=244","name":"Nosotros - AO-US","isPartOf":{"@id":"https:\/\/aousa.llc\/#website"},"datePublished":"2021-12-29T13:34:15+00:00","dateModified":"2025-05-30T19:17:57+00:00","breadcrumb":{"@id":"https:\/\/aousa.llc\/?page_id=244#breadcrumb"},"inLanguage":"es-CO","potentialAction":[{"@type":"ReadAction","target":["https:\/\/aousa.llc\/?page_id=244"]}]},{"@type":"BreadcrumbList","@id":"https:\/\/aousa.llc\/?page_id=244#breadcrumb","itemListElement":[{"@type":"ListItem","position":1,"name":"Inicio","item":"https:\/\/aousa.llc\/"},{"@type":"ListItem","position":2,"name":"Nosotros"}]},{"@type":"WebSite","@id":"https:\/\/aousa.llc\/#website","url":"https:\/\/aousa.llc\/","name":"AO-US","description":"","potentialAction":[{"@type":"SearchAction","target":{"@type":"EntryPoint","urlTemplate":"https:\/\/aousa.llc\/?s={search_term_string}"},"query-input":"required name=search_term_string"}],"inLanguage":"es-CO"}]}},"_links":{"self":[{"href":"https:\/\/aousa.llc\/index.php?rest_route=\/wp\/v2\/pages\/244","targetHints":{"allow":["GET"]}}],"collection":[{"href":"https:\/\/aousa.llc\/index.php?rest_route=\/wp\/v2\/pages"}],"about":[{"href":"https:\/\/aousa.llc\/index.php?rest_route=\/wp\/v2\/types\/page"}],"author":[{"embeddable":true,"href":"https:\/\/aousa.llc\/index.php?rest_route=\/wp\/v2\/users\/1"}],"replies":[{"embeddable":true,"href":"https:\/\/aousa.llc\/index.php?rest_route=%2Fwp%2Fv2%2Fcomments&post=244"}],"version-history":[{"count":3,"href":"https:\/\/aousa.llc\/index.php?rest_route=\/wp\/v2\/pages\/244\/revisions"}],"predecessor-version":[{"id":909,"href":"https:\/\/aousa.llc\/index.php?rest_route=\/wp\/v2\/pages\/244\/revisions\/909"}],"wp:attachment":[{"href":"https:\/\/aousa.llc\/index.php?rest_route=%2Fwp%2Fv2%2Fmedia&parent=244"}],"curies":[{"name":"wp","href":"https:\/\/api.w.org\/{rel}","templated":true}]}}