{"id":417,"date":"2022-02-24T15:53:03","date_gmt":"2022-02-24T15:53:03","guid":{"rendered":"https:\/\/tiendaao.com\/colchones\/?post_type=product&amp;p=417"},"modified":"2022-02-24T15:53:03","modified_gmt":"2022-02-24T15:53:03","slug":"fenix-ortopedico-y-resortado","status":"publish","type":"product","link":"https:\/\/aousa.llc\/?product=fenix-ortopedico-y-resortado","title":{"rendered":"Colch\u00f3n Fenix | Ortop\u00e9dico y Resortado"},"content":{"rendered":"<p><img loading=\"lazy\" decoding=\"async\" class=\"alignnone size-medium wp-image-447\" src=\"http:\/\/mycmueblesycolchones.com\/wp-content\/uploads\/2022\/02\/Catalogo-MYC-15-2-300x62.png\" alt=\"\" width=\"300\" height=\"62\" \/><\/p>\n","protected":false},"excerpt":{"rendered":"<p style=\"text-align: left;\">Tela Jacquard, Anti\u00e1caros y Antial\u00e9rgico<br \/>\nFirmeza Media 7 | Altura Aproximada 23 cm<\/p>\n<p style=\"text-align: left;\"><strong>ESTRUCTURA INTERNA<\/strong><br \/>\n\u00b7 Parrilla de 160 mm de Altura.<br \/>\n\u00b7 Aislante de 3 mm para m\u00e1xima protecci\u00f3n de la<br \/>\nparrilla y menos sensaci\u00f3n del resorte.<br \/>\n\u00b7 Espuma 20 mm Densidad 230 mm.<br \/>\n\u00b7 Tela de punto Extrasuave, tratamientos Anti\u00e1caros<br \/>\ny Antial\u00e9rgicos.<br \/>\n\u00b7 Acolchado de 1.5 cm Densidad 18.<br \/>\n\u00b7 4 Manijas laterales.<br \/>\n\u00b7 Banda acolchada 10 mm Densidad 18.<\/p>\n","protected":false},"featured_media":425,"comment_status":"open","ping_status":"closed","template":"","meta":[],"product_cat":[38,33],"product_tag":[],"class_list":{"0":"post-417","1":"product","2":"type-product","3":"status-publish","4":"has-post-thumbnail","6":"product_cat-colchones-colchones","7":"product_cat-productos","9":"first","10":"instock","11":"shipping-taxable","12":"purchasable","13":"product-type-variable"},"yoast_head":"<!-- This site is optimized with the Yoast SEO plugin v19.13 - https:\/\/yoast.com\/wordpress\/plugins\/seo\/ -->\n<title>Colch\u00f3n Fenix | Ortop\u00e9dico y Resortado - AO-US<\/title>\n<meta name=\"robots\" content=\"index, follow, max-snippet:-1, max-image-preview:large, max-video-preview:-1\" \/>\n<link rel=\"canonical\" href=\"https:\/\/aousa.llc\/?product=fenix-ortopedico-y-resortado\" \/>\n<meta property=\"og:locale\" content=\"es_ES\" \/>\n<meta property=\"og:type\" content=\"article\" \/>\n<meta property=\"og:title\" content=\"Colch\u00f3n Fenix | Ortop\u00e9dico y Resortado - AO-US\" \/>\n<meta property=\"og:description\" content=\"Tela Jacquard, Anti\u00e1caros y Antial\u00e9rgico Firmeza Media 7 | Altura Aproximada 23 cm ESTRUCTURA INTERNA \u00b7 Parrilla de 160 mm de Altura. \u00b7 Aislante de 3 mm para m\u00e1xima protecci\u00f3n de la parrilla y menos sensaci\u00f3n del resorte. \u00b7 Espuma 20 mm Densidad 230 mm. \u00b7 Tela de punto Extrasuave, tratamientos Anti\u00e1caros y Antial\u00e9rgicos. \u00b7 Acolchado de 1.5 cm Densidad 18. \u00b7 4 Manijas laterales. \u00b7 Banda acolchada 10 mm Densidad 18.\" \/>\n<meta property=\"og:url\" content=\"https:\/\/aousa.llc\/?product=fenix-ortopedico-y-resortado\" \/>\n<meta property=\"og:site_name\" content=\"AO-US\" \/>\n<meta name=\"twitter:card\" content=\"summary_large_image\" \/>\n<script type=\"application\/ld+json\" class=\"yoast-schema-graph\">{\"@context\":\"https:\/\/schema.org\",\"@graph\":[{\"@type\":\"WebPage\",\"@id\":\"https:\/\/aousa.llc\/?product=fenix-ortopedico-y-resortado\",\"url\":\"https:\/\/aousa.llc\/?product=fenix-ortopedico-y-resortado\",\"name\":\"Colch\u00f3n Fenix | Ortop\u00e9dico y Resortado - AO-US\",\"isPartOf\":{\"@id\":\"https:\/\/aousa.llc\/#website\"},\"datePublished\":\"2022-02-24T15:53:03+00:00\",\"dateModified\":\"2022-02-24T15:53:03+00:00\",\"breadcrumb\":{\"@id\":\"https:\/\/aousa.llc\/?product=fenix-ortopedico-y-resortado#breadcrumb\"},\"inLanguage\":\"es-CO\",\"potentialAction\":[{\"@type\":\"ReadAction\",\"target\":[\"https:\/\/aousa.llc\/?product=fenix-ortopedico-y-resortado\"]}]},{\"@type\":\"BreadcrumbList\",\"@id\":\"https:\/\/aousa.llc\/?product=fenix-ortopedico-y-resortado#breadcrumb\",\"itemListElement\":[{\"@type\":\"ListItem\",\"position\":1,\"name\":\"Inicio\",\"item\":\"https:\/\/aousa.llc\/\"},{\"@type\":\"ListItem\",\"position\":2,\"name\":\"Colch\u00f3n Fenix | Ortop\u00e9dico y Resortado\"}]},{\"@type\":\"WebSite\",\"@id\":\"https:\/\/aousa.llc\/#website\",\"url\":\"https:\/\/aousa.llc\/\",\"name\":\"AO-US\",\"description\":\"\",\"potentialAction\":[{\"@type\":\"SearchAction\",\"target\":{\"@type\":\"EntryPoint\",\"urlTemplate\":\"https:\/\/aousa.llc\/?s={search_term_string}\"},\"query-input\":\"required name=search_term_string\"}],\"inLanguage\":\"es-CO\"}]}<\/script>\n<!-- \/ Yoast SEO plugin. -->","yoast_head_json":{"title":"Colch\u00f3n Fenix | Ortop\u00e9dico y Resortado - AO-US","robots":{"index":"index","follow":"follow","max-snippet":"max-snippet:-1","max-image-preview":"max-image-preview:large","max-video-preview":"max-video-preview:-1"},"canonical":"https:\/\/aousa.llc\/?product=fenix-ortopedico-y-resortado","og_locale":"es_ES","og_type":"article","og_title":"Colch\u00f3n Fenix | Ortop\u00e9dico y Resortado - AO-US","og_description":"Tela Jacquard, Anti\u00e1caros y Antial\u00e9rgico Firmeza Media 7 | Altura Aproximada 23 cm ESTRUCTURA INTERNA \u00b7 Parrilla de 160 mm de Altura. \u00b7 Aislante de 3 mm para m\u00e1xima protecci\u00f3n de la parrilla y menos sensaci\u00f3n del resorte. \u00b7 Espuma 20 mm Densidad 230 mm. \u00b7 Tela de punto Extrasuave, tratamientos Anti\u00e1caros y Antial\u00e9rgicos. \u00b7 Acolchado de 1.5 cm Densidad 18. \u00b7 4 Manijas laterales. \u00b7 Banda acolchada 10 mm Densidad 18.","og_url":"https:\/\/aousa.llc\/?product=fenix-ortopedico-y-resortado","og_site_name":"AO-US","twitter_card":"summary_large_image","schema":{"@context":"https:\/\/schema.org","@graph":[{"@type":"WebPage","@id":"https:\/\/aousa.llc\/?product=fenix-ortopedico-y-resortado","url":"https:\/\/aousa.llc\/?product=fenix-ortopedico-y-resortado","name":"Colch\u00f3n Fenix | Ortop\u00e9dico y Resortado - AO-US","isPartOf":{"@id":"https:\/\/aousa.llc\/#website"},"datePublished":"2022-02-24T15:53:03+00:00","dateModified":"2022-02-24T15:53:03+00:00","breadcrumb":{"@id":"https:\/\/aousa.llc\/?product=fenix-ortopedico-y-resortado#breadcrumb"},"inLanguage":"es-CO","potentialAction":[{"@type":"ReadAction","target":["https:\/\/aousa.llc\/?product=fenix-ortopedico-y-resortado"]}]},{"@type":"BreadcrumbList","@id":"https:\/\/aousa.llc\/?product=fenix-ortopedico-y-resortado#breadcrumb","itemListElement":[{"@type":"ListItem","position":1,"name":"Inicio","item":"https:\/\/aousa.llc\/"},{"@type":"ListItem","position":2,"name":"Colch\u00f3n Fenix | Ortop\u00e9dico y Resortado"}]},{"@type":"WebSite","@id":"https:\/\/aousa.llc\/#website","url":"https:\/\/aousa.llc\/","name":"AO-US","description":"","potentialAction":[{"@type":"SearchAction","target":{"@type":"EntryPoint","urlTemplate":"https:\/\/aousa.llc\/?s={search_term_string}"},"query-input":"required name=search_term_string"}],"inLanguage":"es-CO"}]}},"_links":{"self":[{"href":"https:\/\/aousa.llc\/index.php?rest_route=\/wp\/v2\/product\/417","targetHints":{"allow":["GET"]}}],"collection":[{"href":"https:\/\/aousa.llc\/index.php?rest_route=\/wp\/v2\/product"}],"about":[{"href":"https:\/\/aousa.llc\/index.php?rest_route=\/wp\/v2\/types\/product"}],"replies":[{"embeddable":true,"href":"https:\/\/aousa.llc\/index.php?rest_route=%2Fwp%2Fv2%2Fcomments&post=417"}],"wp:featuredmedia":[{"embeddable":true,"href":"https:\/\/aousa.llc\/index.php?rest_route=\/"}],"wp:attachment":[{"href":"https:\/\/aousa.llc\/index.php?rest_route=%2Fwp%2Fv2%2Fmedia&parent=417"}],"wp:term":[{"taxonomy":"product_cat","embeddable":true,"href":"https:\/\/aousa.llc\/index.php?rest_route=%2Fwp%2Fv2%2Fproduct_cat&post=417"},{"taxonomy":"product_tag","embeddable":true,"href":"https:\/\/aousa.llc\/index.php?rest_route=%2Fwp%2Fv2%2Fproduct_tag&post=417"}],"curies":[{"name":"wp","href":"https:\/\/api.w.org\/{rel}","templated":true}]}}