{"id":478,"date":"2022-02-24T19:28:26","date_gmt":"2022-02-24T19:28:26","guid":{"rendered":"http:\/\/mycmueblesycolchones.com\/?post_type=product&amp;p=478"},"modified":"2022-02-24T19:28:26","modified_gmt":"2022-02-24T19:28:26","slug":"cassata-premium-super-ortopedico","status":"publish","type":"product","link":"https:\/\/aousa.llc\/?product=cassata-premium-super-ortopedico","title":{"rendered":"Cassata Premium | S\u00faper Ortop\u00e9dico"},"content":{"rendered":"<p><img loading=\"lazy\" decoding=\"async\" class=\"alignnone size-medium wp-image-524\" src=\"http:\/\/mycmueblesycolchones.com\/wp-content\/uploads\/2022\/02\/Catalogo-MYC-17-300x57.png\" alt=\"\" width=\"300\" height=\"57\" \/><\/p>\n","protected":false},"excerpt":{"rendered":"<p style=\"text-align: left;\">Tela Jacquard, Anti\u00e1caros y Antial\u00e9rgico<br \/>\nFirmeza Media 10 | Altura Aproximada 23 cm<\/p>\n<p style=\"text-align: left;\"><strong>ESTRUCTURA INTERNA<br \/>\n<\/strong>\u00b7 Lamina cassata de 100 mm Densidad 90.<br \/>\n\u00b7 Espuma 4 cm Densidad 23.<br \/>\n\u00b7 Tela tejido de punto extrasuave,<br \/>\ntratamientos Anti\u00e1caros y Antial\u00e9rgicos.<br \/>\n\u00b7 Acolchado de 25 mm Densidad 18.<br \/>\n\u00b7 4 Manijas laterales.<br \/>\n\u00b7 Banda alcolchada 10 mm Densidad 18.<\/p>\n","protected":false},"featured_media":485,"comment_status":"open","ping_status":"closed","template":"","meta":[],"product_cat":[38,33],"product_tag":[],"class_list":{"0":"post-478","1":"product","2":"type-product","3":"status-publish","4":"has-post-thumbnail","6":"product_cat-colchones-colchones","7":"product_cat-productos","9":"first","10":"instock","11":"shipping-taxable","12":"purchasable","13":"product-type-variable"},"yoast_head":"<!-- This site is optimized with the Yoast SEO plugin v19.13 - https:\/\/yoast.com\/wordpress\/plugins\/seo\/ -->\n<title>Cassata Premium | S\u00faper Ortop\u00e9dico - AO-US<\/title>\n<meta name=\"robots\" content=\"index, follow, max-snippet:-1, max-image-preview:large, max-video-preview:-1\" \/>\n<link rel=\"canonical\" href=\"https:\/\/aousa.llc\/?product=cassata-premium-super-ortopedico\" \/>\n<meta property=\"og:locale\" content=\"es_ES\" \/>\n<meta property=\"og:type\" content=\"article\" \/>\n<meta property=\"og:title\" content=\"Cassata Premium | S\u00faper Ortop\u00e9dico - AO-US\" \/>\n<meta property=\"og:description\" content=\"Tela Jacquard, Anti\u00e1caros y Antial\u00e9rgico Firmeza Media 10 | Altura Aproximada 23 cm ESTRUCTURA INTERNA \u00b7 Lamina cassata de 100 mm Densidad 90. \u00b7 Espuma 4 cm Densidad 23. \u00b7 Tela tejido de punto extrasuave, tratamientos Anti\u00e1caros y Antial\u00e9rgicos. \u00b7 Acolchado de 25 mm Densidad 18. \u00b7 4 Manijas laterales. \u00b7 Banda alcolchada 10 mm Densidad 18.\" \/>\n<meta property=\"og:url\" content=\"https:\/\/aousa.llc\/?product=cassata-premium-super-ortopedico\" \/>\n<meta property=\"og:site_name\" content=\"AO-US\" \/>\n<meta name=\"twitter:card\" content=\"summary_large_image\" \/>\n<script type=\"application\/ld+json\" class=\"yoast-schema-graph\">{\"@context\":\"https:\/\/schema.org\",\"@graph\":[{\"@type\":\"WebPage\",\"@id\":\"https:\/\/aousa.llc\/?product=cassata-premium-super-ortopedico\",\"url\":\"https:\/\/aousa.llc\/?product=cassata-premium-super-ortopedico\",\"name\":\"Cassata Premium | S\u00faper Ortop\u00e9dico - AO-US\",\"isPartOf\":{\"@id\":\"https:\/\/aousa.llc\/#website\"},\"datePublished\":\"2022-02-24T19:28:26+00:00\",\"dateModified\":\"2022-02-24T19:28:26+00:00\",\"breadcrumb\":{\"@id\":\"https:\/\/aousa.llc\/?product=cassata-premium-super-ortopedico#breadcrumb\"},\"inLanguage\":\"es-CO\",\"potentialAction\":[{\"@type\":\"ReadAction\",\"target\":[\"https:\/\/aousa.llc\/?product=cassata-premium-super-ortopedico\"]}]},{\"@type\":\"BreadcrumbList\",\"@id\":\"https:\/\/aousa.llc\/?product=cassata-premium-super-ortopedico#breadcrumb\",\"itemListElement\":[{\"@type\":\"ListItem\",\"position\":1,\"name\":\"Inicio\",\"item\":\"https:\/\/aousa.llc\/\"},{\"@type\":\"ListItem\",\"position\":2,\"name\":\"Cassata Premium | S\u00faper Ortop\u00e9dico\"}]},{\"@type\":\"WebSite\",\"@id\":\"https:\/\/aousa.llc\/#website\",\"url\":\"https:\/\/aousa.llc\/\",\"name\":\"AO-US\",\"description\":\"\",\"potentialAction\":[{\"@type\":\"SearchAction\",\"target\":{\"@type\":\"EntryPoint\",\"urlTemplate\":\"https:\/\/aousa.llc\/?s={search_term_string}\"},\"query-input\":\"required name=search_term_string\"}],\"inLanguage\":\"es-CO\"}]}<\/script>\n<!-- \/ Yoast SEO plugin. -->","yoast_head_json":{"title":"Cassata Premium | S\u00faper Ortop\u00e9dico - AO-US","robots":{"index":"index","follow":"follow","max-snippet":"max-snippet:-1","max-image-preview":"max-image-preview:large","max-video-preview":"max-video-preview:-1"},"canonical":"https:\/\/aousa.llc\/?product=cassata-premium-super-ortopedico","og_locale":"es_ES","og_type":"article","og_title":"Cassata Premium | S\u00faper Ortop\u00e9dico - AO-US","og_description":"Tela Jacquard, Anti\u00e1caros y Antial\u00e9rgico Firmeza Media 10 | Altura Aproximada 23 cm ESTRUCTURA INTERNA \u00b7 Lamina cassata de 100 mm Densidad 90. \u00b7 Espuma 4 cm Densidad 23. \u00b7 Tela tejido de punto extrasuave, tratamientos Anti\u00e1caros y Antial\u00e9rgicos. \u00b7 Acolchado de 25 mm Densidad 18. \u00b7 4 Manijas laterales. \u00b7 Banda alcolchada 10 mm Densidad 18.","og_url":"https:\/\/aousa.llc\/?product=cassata-premium-super-ortopedico","og_site_name":"AO-US","twitter_card":"summary_large_image","schema":{"@context":"https:\/\/schema.org","@graph":[{"@type":"WebPage","@id":"https:\/\/aousa.llc\/?product=cassata-premium-super-ortopedico","url":"https:\/\/aousa.llc\/?product=cassata-premium-super-ortopedico","name":"Cassata Premium | S\u00faper Ortop\u00e9dico - AO-US","isPartOf":{"@id":"https:\/\/aousa.llc\/#website"},"datePublished":"2022-02-24T19:28:26+00:00","dateModified":"2022-02-24T19:28:26+00:00","breadcrumb":{"@id":"https:\/\/aousa.llc\/?product=cassata-premium-super-ortopedico#breadcrumb"},"inLanguage":"es-CO","potentialAction":[{"@type":"ReadAction","target":["https:\/\/aousa.llc\/?product=cassata-premium-super-ortopedico"]}]},{"@type":"BreadcrumbList","@id":"https:\/\/aousa.llc\/?product=cassata-premium-super-ortopedico#breadcrumb","itemListElement":[{"@type":"ListItem","position":1,"name":"Inicio","item":"https:\/\/aousa.llc\/"},{"@type":"ListItem","position":2,"name":"Cassata Premium | S\u00faper Ortop\u00e9dico"}]},{"@type":"WebSite","@id":"https:\/\/aousa.llc\/#website","url":"https:\/\/aousa.llc\/","name":"AO-US","description":"","potentialAction":[{"@type":"SearchAction","target":{"@type":"EntryPoint","urlTemplate":"https:\/\/aousa.llc\/?s={search_term_string}"},"query-input":"required name=search_term_string"}],"inLanguage":"es-CO"}]}},"_links":{"self":[{"href":"https:\/\/aousa.llc\/index.php?rest_route=\/wp\/v2\/product\/478","targetHints":{"allow":["GET"]}}],"collection":[{"href":"https:\/\/aousa.llc\/index.php?rest_route=\/wp\/v2\/product"}],"about":[{"href":"https:\/\/aousa.llc\/index.php?rest_route=\/wp\/v2\/types\/product"}],"replies":[{"embeddable":true,"href":"https:\/\/aousa.llc\/index.php?rest_route=%2Fwp%2Fv2%2Fcomments&post=478"}],"wp:featuredmedia":[{"embeddable":true,"href":"https:\/\/aousa.llc\/index.php?rest_route=\/"}],"wp:attachment":[{"href":"https:\/\/aousa.llc\/index.php?rest_route=%2Fwp%2Fv2%2Fmedia&parent=478"}],"wp:term":[{"taxonomy":"product_cat","embeddable":true,"href":"https:\/\/aousa.llc\/index.php?rest_route=%2Fwp%2Fv2%2Fproduct_cat&post=478"},{"taxonomy":"product_tag","embeddable":true,"href":"https:\/\/aousa.llc\/index.php?rest_route=%2Fwp%2Fv2%2Fproduct_tag&post=478"}],"curies":[{"name":"wp","href":"https:\/\/api.w.org\/{rel}","templated":true}]}}