{"id":492,"date":"2022-02-24T20:01:47","date_gmt":"2022-02-24T20:01:47","guid":{"rendered":"http:\/\/mycmueblesycolchones.com\/?post_type=product&amp;p=492"},"modified":"2022-02-24T20:01:47","modified_gmt":"2022-02-24T20:01:47","slug":"colchon-flex-1x1-90m-espuma","status":"publish","type":"product","link":"https:\/\/aousa.llc\/?product=colchon-flex-1x1-90m-espuma","title":{"rendered":"Colch\u00f3n Flex 1&#215;1.90M | Espuma"},"content":{"rendered":"<p><img loading=\"lazy\" decoding=\"async\" class=\"alignnone size-medium wp-image-521\" src=\"http:\/\/mycmueblesycolchones.com\/wp-content\/uploads\/2022\/02\/Catalogo-MYC-15-300x62.jpg\" alt=\"\" width=\"300\" height=\"62\" \/><\/p>\n","protected":false},"excerpt":{"rendered":"<p style=\"text-align: left;\">Tela Jacquard, Anti\u00e1caros y Antial\u00e9rgico<br \/>\nFirmeza Media 5 | Altura Aproximada 15 cm<\/p>\n<p style=\"text-align: left;\"><strong>ESTRUCTURA INTERNA<\/strong><br \/>\n\u00b7 Espuma de 150 mm Alta Densidad 23.<br \/>\n\u00b7 Tela con tejido de punto extrasuave.<br \/>\n\u00b7 Acolchado de 10 mm.<br \/>\n\u00b7 Banda acolchada 10 mm Densidad 18<\/p>\n","protected":false},"featured_media":397,"comment_status":"open","ping_status":"closed","template":"","meta":[],"product_cat":[38,33],"product_tag":[],"class_list":{"0":"post-492","1":"product","2":"type-product","3":"status-publish","4":"has-post-thumbnail","6":"product_cat-colchones-colchones","7":"product_cat-productos","9":"first","10":"instock","11":"shipping-taxable","12":"purchasable","13":"product-type-variable"},"yoast_head":"<!-- This site is optimized with the Yoast SEO plugin v19.13 - https:\/\/yoast.com\/wordpress\/plugins\/seo\/ -->\n<title>Colch\u00f3n Flex 1x1.90M | Espuma - AO-US<\/title>\n<meta name=\"robots\" content=\"index, follow, max-snippet:-1, max-image-preview:large, max-video-preview:-1\" \/>\n<link rel=\"canonical\" href=\"https:\/\/aousa.llc\/?product=colchon-flex-1x1-90m-espuma\" \/>\n<meta property=\"og:locale\" content=\"es_ES\" \/>\n<meta property=\"og:type\" content=\"article\" \/>\n<meta property=\"og:title\" content=\"Colch\u00f3n Flex 1x1.90M | Espuma - AO-US\" \/>\n<meta property=\"og:description\" content=\"Tela Jacquard, Anti\u00e1caros y Antial\u00e9rgico Firmeza Media 5 | Altura Aproximada 15 cm ESTRUCTURA INTERNA \u00b7 Espuma de 150 mm Alta Densidad 23. \u00b7 Tela con tejido de punto extrasuave. \u00b7 Acolchado de 10 mm. \u00b7 Banda acolchada 10 mm Densidad 18\" \/>\n<meta property=\"og:url\" content=\"https:\/\/aousa.llc\/?product=colchon-flex-1x1-90m-espuma\" \/>\n<meta property=\"og:site_name\" content=\"AO-US\" \/>\n<meta name=\"twitter:card\" content=\"summary_large_image\" \/>\n<script type=\"application\/ld+json\" class=\"yoast-schema-graph\">{\"@context\":\"https:\/\/schema.org\",\"@graph\":[{\"@type\":\"WebPage\",\"@id\":\"https:\/\/aousa.llc\/?product=colchon-flex-1x1-90m-espuma\",\"url\":\"https:\/\/aousa.llc\/?product=colchon-flex-1x1-90m-espuma\",\"name\":\"Colch\u00f3n Flex 1x1.90M | Espuma - AO-US\",\"isPartOf\":{\"@id\":\"https:\/\/aousa.llc\/#website\"},\"datePublished\":\"2022-02-24T20:01:47+00:00\",\"dateModified\":\"2022-02-24T20:01:47+00:00\",\"breadcrumb\":{\"@id\":\"https:\/\/aousa.llc\/?product=colchon-flex-1x1-90m-espuma#breadcrumb\"},\"inLanguage\":\"es-CO\",\"potentialAction\":[{\"@type\":\"ReadAction\",\"target\":[\"https:\/\/aousa.llc\/?product=colchon-flex-1x1-90m-espuma\"]}]},{\"@type\":\"BreadcrumbList\",\"@id\":\"https:\/\/aousa.llc\/?product=colchon-flex-1x1-90m-espuma#breadcrumb\",\"itemListElement\":[{\"@type\":\"ListItem\",\"position\":1,\"name\":\"Inicio\",\"item\":\"https:\/\/aousa.llc\/\"},{\"@type\":\"ListItem\",\"position\":2,\"name\":\"Colch\u00f3n Flex 1&#215;1.90M | Espuma\"}]},{\"@type\":\"WebSite\",\"@id\":\"https:\/\/aousa.llc\/#website\",\"url\":\"https:\/\/aousa.llc\/\",\"name\":\"AO-US\",\"description\":\"\",\"potentialAction\":[{\"@type\":\"SearchAction\",\"target\":{\"@type\":\"EntryPoint\",\"urlTemplate\":\"https:\/\/aousa.llc\/?s={search_term_string}\"},\"query-input\":\"required name=search_term_string\"}],\"inLanguage\":\"es-CO\"}]}<\/script>\n<!-- \/ Yoast SEO plugin. -->","yoast_head_json":{"title":"Colch\u00f3n Flex 1x1.90M | Espuma - AO-US","robots":{"index":"index","follow":"follow","max-snippet":"max-snippet:-1","max-image-preview":"max-image-preview:large","max-video-preview":"max-video-preview:-1"},"canonical":"https:\/\/aousa.llc\/?product=colchon-flex-1x1-90m-espuma","og_locale":"es_ES","og_type":"article","og_title":"Colch\u00f3n Flex 1x1.90M | Espuma - AO-US","og_description":"Tela Jacquard, Anti\u00e1caros y Antial\u00e9rgico Firmeza Media 5 | Altura Aproximada 15 cm ESTRUCTURA INTERNA \u00b7 Espuma de 150 mm Alta Densidad 23. \u00b7 Tela con tejido de punto extrasuave. \u00b7 Acolchado de 10 mm. \u00b7 Banda acolchada 10 mm Densidad 18","og_url":"https:\/\/aousa.llc\/?product=colchon-flex-1x1-90m-espuma","og_site_name":"AO-US","twitter_card":"summary_large_image","schema":{"@context":"https:\/\/schema.org","@graph":[{"@type":"WebPage","@id":"https:\/\/aousa.llc\/?product=colchon-flex-1x1-90m-espuma","url":"https:\/\/aousa.llc\/?product=colchon-flex-1x1-90m-espuma","name":"Colch\u00f3n Flex 1x1.90M | Espuma - AO-US","isPartOf":{"@id":"https:\/\/aousa.llc\/#website"},"datePublished":"2022-02-24T20:01:47+00:00","dateModified":"2022-02-24T20:01:47+00:00","breadcrumb":{"@id":"https:\/\/aousa.llc\/?product=colchon-flex-1x1-90m-espuma#breadcrumb"},"inLanguage":"es-CO","potentialAction":[{"@type":"ReadAction","target":["https:\/\/aousa.llc\/?product=colchon-flex-1x1-90m-espuma"]}]},{"@type":"BreadcrumbList","@id":"https:\/\/aousa.llc\/?product=colchon-flex-1x1-90m-espuma#breadcrumb","itemListElement":[{"@type":"ListItem","position":1,"name":"Inicio","item":"https:\/\/aousa.llc\/"},{"@type":"ListItem","position":2,"name":"Colch\u00f3n Flex 1&#215;1.90M | Espuma"}]},{"@type":"WebSite","@id":"https:\/\/aousa.llc\/#website","url":"https:\/\/aousa.llc\/","name":"AO-US","description":"","potentialAction":[{"@type":"SearchAction","target":{"@type":"EntryPoint","urlTemplate":"https:\/\/aousa.llc\/?s={search_term_string}"},"query-input":"required name=search_term_string"}],"inLanguage":"es-CO"}]}},"_links":{"self":[{"href":"https:\/\/aousa.llc\/index.php?rest_route=\/wp\/v2\/product\/492","targetHints":{"allow":["GET"]}}],"collection":[{"href":"https:\/\/aousa.llc\/index.php?rest_route=\/wp\/v2\/product"}],"about":[{"href":"https:\/\/aousa.llc\/index.php?rest_route=\/wp\/v2\/types\/product"}],"replies":[{"embeddable":true,"href":"https:\/\/aousa.llc\/index.php?rest_route=%2Fwp%2Fv2%2Fcomments&post=492"}],"wp:featuredmedia":[{"embeddable":true,"href":"https:\/\/aousa.llc\/index.php?rest_route=\/"}],"wp:attachment":[{"href":"https:\/\/aousa.llc\/index.php?rest_route=%2Fwp%2Fv2%2Fmedia&parent=492"}],"wp:term":[{"taxonomy":"product_cat","embeddable":true,"href":"https:\/\/aousa.llc\/index.php?rest_route=%2Fwp%2Fv2%2Fproduct_cat&post=492"},{"taxonomy":"product_tag","embeddable":true,"href":"https:\/\/aousa.llc\/index.php?rest_route=%2Fwp%2Fv2%2Fproduct_tag&post=492"}],"curies":[{"name":"wp","href":"https:\/\/api.w.org\/{rel}","templated":true}]}}